{"id":2,"date":"2024-01-26T16:15:42","date_gmt":"2024-01-26T15:15:42","guid":{"rendered":"https:\/\/abstracts.bmotik.com\/?page_id=2"},"modified":"2025-02-20T13:19:51","modified_gmt":"2025-02-20T18:19:51","slug":"landing","status":"publish","type":"page","link":"https:\/\/abstracts.bmotik.com\/es\/landing\/","title":{"rendered":"Aterrizaje"},"content":{"rendered":"<div data-elementor-type=\"wp-page\" data-elementor-id=\"2\" class=\"elementor elementor-2\" data-elementor-post-type=\"page\">\n\t\t\t\t<div class=\"elementor-element elementor-element-a1e1371 e-con-full e-flex e-con e-parent\" data-id=\"a1e1371\" data-element_type=\"container\" data-settings=\"{&quot;jet_parallax_layout_list&quot;:[],&quot;background_background&quot;:&quot;classic&quot;}\">\n\t\t<div class=\"elementor-element elementor-element-e0ff780 e-con-full e-flex e-con e-child\" data-id=\"e0ff780\" data-element_type=\"container\" data-settings=\"{&quot;jet_parallax_layout_list&quot;:[]}\">\n\t\t<div class=\"elementor-element elementor-element-1b58acb e-con-full e-flex e-con e-child\" data-id=\"1b58acb\" data-element_type=\"container\" data-settings=\"{&quot;jet_parallax_layout_list&quot;:[]}\">\n\t\t\t\t<div class=\"elementor-element elementor-element-d188ec5 elementor-widget elementor-widget-heading\" data-id=\"d188ec5\" data-element_type=\"widget\" data-widget_type=\"heading.default\">\n\t\t\t\t<div class=\"elementor-widget-container\">\n\t\t\t<h2 class=\"elementor-heading-title elementor-size-default\">PAAO 2025<\/h2>\t\t<\/div>\n\t\t\t\t<\/div>\n\t\t\t\t<div class=\"elementor-element elementor-element-57dd913 elementor-widget elementor-widget-heading\" data-id=\"57dd913\" data-element_type=\"widget\" data-widget_type=\"heading.default\">\n\t\t\t\t<div class=\"elementor-widget-container\">\n\t\t\t<h2 class=\"elementor-heading-title elementor-size-default\">PLATAFORMA DE PRESENTACI\u00d3N DE TRABAJOS CIENT\u00cdFICOS<\/h2>\t\t<\/div>\n\t\t\t\t<\/div>\n\t\t\t\t<div class=\"elementor-element elementor-element-422d298 elementor-widget elementor-widget-heading\" data-id=\"422d298\" data-element_type=\"widget\" data-widget_type=\"heading.default\">\n\t\t\t\t<div class=\"elementor-widget-container\">\n\t\t\t<h4 class=\"elementor-heading-title elementor-size-default\">DIRECTRICES<\/h4>\t\t<\/div>\n\t\t\t\t<\/div>\n\t\t\t\t<div class=\"elementor-element elementor-element-fdba109 elementor-widget__width-inherit elementor-widget elementor-widget-text-editor\" data-id=\"fdba109\" data-element_type=\"widget\" data-widget_type=\"text-editor.default\">\n\t\t\t\t<div class=\"elementor-widget-container\">\n\t\t\t\t\t\t\t<p>El Congreso de la PAAO est\u00e1 dedicado a presentar proyectos innovadores y relevantes en oftalmolog\u00eda y sus diversas ramas. Le invitamos cordialmente a participar presentando su ponencia libre, p\u00f3ster y\/o resumen de v\u00eddeo.<\/p>\t\t\t\t\t\t<\/div>\n\t\t\t\t<\/div>\n\t\t\t\t<\/div>\n\t\t\t\t<div class=\"elementor-element elementor-element-48f5a2b elementor-widget__width-initial elementor-widget elementor-widget-image\" data-id=\"48f5a2b\" data-element_type=\"widget\" data-widget_type=\"image.default\">\n\t\t\t\t<div class=\"elementor-widget-container\">\n\t\t\t\t\t\t\t\t\t\t\t\t\t<img fetchpriority=\"high\" decoding=\"async\" width=\"1654\" height=\"500\" src=\"https:\/\/abstracts.bmotik.com\/wp-content\/uploads\/2024\/08\/LogoPaao2025_h_cl.png\" class=\"attachment-full size-full wp-image-4131\" alt=\"\" srcset=\"https:\/\/abstracts.bmotik.com\/wp-content\/uploads\/2024\/08\/LogoPaao2025_h_cl.png 1654w, https:\/\/abstracts.bmotik.com\/wp-content\/uploads\/2024\/08\/LogoPaao2025_h_cl-300x91.png 300w, https:\/\/abstracts.bmotik.com\/wp-content\/uploads\/2024\/08\/LogoPaao2025_h_cl-1024x310.png 1024w, https:\/\/abstracts.bmotik.com\/wp-content\/uploads\/2024\/08\/LogoPaao2025_h_cl-768x232.png 768w, https:\/\/abstracts.bmotik.com\/wp-content\/uploads\/2024\/08\/LogoPaao2025_h_cl-1536x464.png 1536w\" sizes=\"(max-width: 1654px) 100vw, 1654px\" \/>\t\t\t\t\t\t\t\t\t\t\t\t\t<\/div>\n\t\t\t\t<\/div>\n\t\t\t\t<\/div>\n\t\t<div class=\"elementor-element elementor-element-0bc76e0 e-con-full e-flex e-con e-child\" data-id=\"0bc76e0\" data-element_type=\"container\" data-settings=\"{&quot;jet_parallax_layout_list&quot;:[]}\">\n\t\t<div class=\"elementor-element elementor-element-13db78a e-con-full e-flex e-con e-child\" data-id=\"13db78a\" data-element_type=\"container\" data-settings=\"{&quot;jet_parallax_layout_list&quot;:[]}\">\n\t\t\t\t<div class=\"elementor-element elementor-element-0209aa3 elementor-widget__width-initial elementor-widget elementor-widget-heading\" data-id=\"0209aa3\" data-element_type=\"widget\" data-widget_type=\"heading.default\">\n\t\t\t\t<div class=\"elementor-widget-container\">\n\t\t\t<p class=\"elementor-heading-title elementor-size-default\">1.<\/p>\t\t<\/div>\n\t\t\t\t<\/div>\n\t\t\t\t<div class=\"elementor-element elementor-element-81d6d52 elementor-widget__width-initial elementor-widget elementor-widget-heading\" data-id=\"81d6d52\" data-element_type=\"widget\" data-widget_type=\"heading.default\">\n\t\t\t\t<div class=\"elementor-widget-container\">\n\t\t\t<p class=\"elementor-heading-title elementor-size-default\">El Comit\u00e9 Organizador del Congreso Panamericano de Oftalmolog\u00eda <span class=\"enfasis_title\"> supervisar el proceso de presentaci\u00f3n de comunicaciones, p\u00f3sters y v\u00eddeos presentados en\ncada categor\u00eda<\/span>.<\/p>\t\t<\/div>\n\t\t\t\t<\/div>\n\t\t\t\t<div class=\"elementor-element elementor-element-259e2d4 elementor-widget__width-inherit elementor-widget elementor-widget-text-editor\" data-id=\"259e2d4\" data-element_type=\"widget\" data-widget_type=\"text-editor.default\">\n\t\t\t\t<div class=\"elementor-widget-container\">\n\t\t\t\t\t\t\t<p>Una vez presentados, los trabajos, p\u00f3sters y v\u00eddeos ser\u00e1n asignados a revisores nacionales e internacionales, cuidadosamente seleccionados por los miembros del comit\u00e9 en colaboraci\u00f3n con diversas sociedades cient\u00edficas de Colombia. Todas las evaluaciones se realizar\u00e1n de forma an\u00f3nima.<\/p>\t\t\t\t\t\t<\/div>\n\t\t\t\t<\/div>\n\t\t\t\t<\/div>\n\t\t<div class=\"elementor-element elementor-element-02e4e34 e-con-full e-flex e-con e-child\" data-id=\"02e4e34\" data-element_type=\"container\" data-settings=\"{&quot;jet_parallax_layout_list&quot;:[]}\">\n\t\t\t\t<div class=\"elementor-element elementor-element-01d6744 elementor-widget__width-initial elementor-widget elementor-widget-heading\" data-id=\"01d6744\" data-element_type=\"widget\" data-widget_type=\"heading.default\">\n\t\t\t\t<div class=\"elementor-widget-container\">\n\t\t\t<p class=\"elementor-heading-title elementor-size-default\">2.<\/p>\t\t<\/div>\n\t\t\t\t<\/div>\n\t\t\t\t<div class=\"elementor-element elementor-element-52409ea elementor-widget__width-initial elementor-widget elementor-widget-heading\" data-id=\"52409ea\" data-element_type=\"widget\" data-widget_type=\"heading.default\">\n\t\t\t\t<div class=\"elementor-widget-container\">\n\t\t\t<p class=\"elementor-heading-title elementor-size-default\">Las categor\u00edas de presentaci\u00f3n son: <span class=\"enfasis_title\">PAPEL, P\u00d3STER y V\u00cdDEO GRATUITOS<\/span>.<\/p>\t\t<\/div>\n\t\t\t\t<\/div>\n\t\t\t\t<div class=\"elementor-element elementor-element-cd46fd3 elementor-widget__width-inherit elementor-widget elementor-widget-text-editor\" data-id=\"cd46fd3\" data-element_type=\"widget\" data-widget_type=\"text-editor.default\">\n\t\t\t\t<div class=\"elementor-widget-container\">\n\t\t\t\t\t\t\t<p>Existe una r\u00fabrica de calificaci\u00f3n de libre consulta a la que puede acceder <a href=\"http:\/\/abstracts.bmotik.com\/wp-content\/uploads\/2024\/11\/2024-11-07_RUBRIC-FOR-EVALUATION-OF-SCIENTIFIC-WORK-English.pdf\" target=\"_blank\" rel=\"noopener\">aqu\u00ed<\/a>. Le recomendamos encarecidamente que la revise para comprender los criterios que se utilizar\u00e1n para evaluar su trabajo. Las r\u00fabricas de evaluaci\u00f3n est\u00e1n dise\u00f1adas en un formato general para permitir un uso generalizado. No obstante, dado que los trabajos pueden presentar ligeras variaciones estructurales, los revisores est\u00e1n preparados para aplicar estas r\u00fabricas de forma adecuada en cada caso.<\/p><p>** Tenga en cuenta que los informes de casos deben presentarse como res\u00famenes de p\u00f3ster.<\/p>\t\t\t\t\t\t<\/div>\n\t\t\t\t<\/div>\n\t\t\t\t<\/div>\n\t\t\t\t<\/div>\n\t\t<div class=\"elementor-element elementor-element-a03e8e7 e-con-full e-flex e-con e-child\" data-id=\"a03e8e7\" data-element_type=\"container\" data-settings=\"{&quot;jet_parallax_layout_list&quot;:[]}\">\n\t\t<div class=\"elementor-element elementor-element-b0a07db e-con-full e-flex e-con e-child\" data-id=\"b0a07db\" data-element_type=\"container\" data-settings=\"{&quot;jet_parallax_layout_list&quot;:[]}\">\n\t\t\t\t<div class=\"elementor-element elementor-element-d46fc78 elementor-widget__width-initial elementor-widget elementor-widget-heading\" data-id=\"d46fc78\" data-element_type=\"widget\" data-widget_type=\"heading.default\">\n\t\t\t\t<div class=\"elementor-widget-container\">\n\t\t\t<p class=\"elementor-heading-title elementor-size-default\">3.<\/p>\t\t<\/div>\n\t\t\t\t<\/div>\n\t\t\t\t<div class=\"elementor-element elementor-element-1c332cf elementor-widget__width-initial elementor-widget elementor-widget-heading\" data-id=\"1c332cf\" data-element_type=\"widget\" data-widget_type=\"heading.default\">\n\t\t\t\t<div class=\"elementor-widget-container\">\n\t\t\t<p class=\"elementor-heading-title elementor-size-default\">Manipulaci\u00f3n de <span class=\"enfasis_title\"> Im\u00e1genes de pacientes<\/span>.\n\n\n\n<\/p>\t\t<\/div>\n\t\t\t\t<\/div>\n\t\t\t\t<div class=\"elementor-element elementor-element-5e8bd78 elementor-widget__width-inherit elementor-widget elementor-widget-text-editor\" data-id=\"5e8bd78\" data-element_type=\"widget\" data-widget_type=\"text-editor.default\">\n\t\t\t\t<div class=\"elementor-widget-container\">\n\t\t\t\t\t\t\t<p>Para participar en las sesiones gratuitas de comunicaciones, p\u00f3sters y v\u00eddeos, es imprescindible obtener el consentimiento previo para el uso de im\u00e1genes de pacientes. La PAAO, la SCO y el Congreso no asumen ninguna responsabilidad por las im\u00e1genes incluidas en las ponencias, p\u00f3sters o v\u00eddeos presentados. Es responsabilidad de los autores garantizar el cumplimiento de todas las normas \u00e9ticas y legales pertinentes.<\/p>\t\t\t\t\t\t<\/div>\n\t\t\t\t<\/div>\n\t\t\t\t<\/div>\n\t\t<div class=\"elementor-element elementor-element-1693315 e-con-full e-flex e-con e-child\" data-id=\"1693315\" data-element_type=\"container\" data-settings=\"{&quot;jet_parallax_layout_list&quot;:[]}\">\n\t\t\t\t<div class=\"elementor-element elementor-element-ffc7c76 elementor-widget__width-initial elementor-widget elementor-widget-heading\" data-id=\"ffc7c76\" data-element_type=\"widget\" data-widget_type=\"heading.default\">\n\t\t\t\t<div class=\"elementor-widget-container\">\n\t\t\t<p class=\"elementor-heading-title elementor-size-default\">4.<\/p>\t\t<\/div>\n\t\t\t\t<\/div>\n\t\t\t\t<div class=\"elementor-element elementor-element-60c175b elementor-widget__width-initial elementor-widget elementor-widget-heading\" data-id=\"60c175b\" data-element_type=\"widget\" data-widget_type=\"heading.default\">\n\t\t\t\t<div class=\"elementor-widget-container\">\n\t\t\t<p class=\"elementor-heading-title elementor-size-default\">Lengua de <span class=\"enfasis_title\"> T\u00edtulo y resumen<\/span>.\n<\/p>\t\t<\/div>\n\t\t\t\t<\/div>\n\t\t\t\t<div class=\"elementor-element elementor-element-5893e13 elementor-widget__width-inherit elementor-widget elementor-widget-text-editor\" data-id=\"5893e13\" data-element_type=\"widget\" data-widget_type=\"text-editor.default\">\n\t\t\t\t<div class=\"elementor-widget-container\">\n\t\t\t\t\t\t\t<p>El t\u00edtulo y el resumen deben estar en la lengua de la presentaci\u00f3n. Si la ponencia se presenta en ingl\u00e9s, tanto el t\u00edtulo como el resumen deben estar en ingl\u00e9s. Si se presenta en espa\u00f1ol, ambos deber\u00e1n estar en espa\u00f1ol. Si se presenta en portugu\u00e9s, ambos deber\u00e1n estar en portugu\u00e9s.<\/p>\t\t\t\t\t\t<\/div>\n\t\t\t\t<\/div>\n\t\t\t\t<\/div>\n\t\t\t\t<\/div>\n\t\t<div class=\"elementor-element elementor-element-1ecfc11 e-con-full e-flex e-con e-child\" data-id=\"1ecfc11\" data-element_type=\"container\" data-settings=\"{&quot;jet_parallax_layout_list&quot;:[]}\">\n\t\t<div class=\"elementor-element elementor-element-180079d e-con-full e-flex e-con e-child\" data-id=\"180079d\" data-element_type=\"container\" data-settings=\"{&quot;jet_parallax_layout_list&quot;:[]}\">\n\t\t\t\t<div class=\"elementor-element elementor-element-a7ce294 elementor-widget__width-initial elementor-widget elementor-widget-heading\" data-id=\"a7ce294\" data-element_type=\"widget\" data-widget_type=\"heading.default\">\n\t\t\t\t<div class=\"elementor-widget-container\">\n\t\t\t<p class=\"elementor-heading-title elementor-size-default\">5.<\/p>\t\t<\/div>\n\t\t\t\t<\/div>\n\t\t\t\t<div class=\"elementor-element elementor-element-78943f2 elementor-widget__width-initial elementor-widget elementor-widget-heading\" data-id=\"78943f2\" data-element_type=\"widget\" data-widget_type=\"heading.default\">\n\t\t\t\t<div class=\"elementor-widget-container\">\n\t\t\t<p class=\"elementor-heading-title elementor-size-default\">Tenga en cuenta la <span class=\"enfasis_title\">plazo <\/span> para la recepci\u00f3n de ponencias: \n<\/p>\t\t<\/div>\n\t\t\t\t<\/div>\n\t\t\t\t<div class=\"elementor-element elementor-element-ed23bad elementor-widget__width-inherit elementor-widget elementor-widget-text-editor\" data-id=\"ed23bad\" data-element_type=\"widget\" data-widget_type=\"text-editor.default\">\n\t\t\t\t<div class=\"elementor-widget-container\">\n\t\t\t\t\t\t\t<p>El plazo de presentaci\u00f3n finaliza el 23 de febrero de 2025 a las 23:59 h. <strong>Hora de Bogot\u00e1<\/strong>.<br \/>Haga clic en <a href=\"https:\/\/www.timeanddate.com\/worldclock\/colombia\/bogota\" target=\"_blank\" rel=\"noopener\">aqu\u00ed<\/a> para saber la hora en la que te encuentras.<\/p>\t\t\t\t\t\t<\/div>\n\t\t\t\t<\/div>\n\t\t\t\t<\/div>\n\t\t<div class=\"elementor-element elementor-element-01f1fa4 e-con-full e-flex e-con e-child\" data-id=\"01f1fa4\" data-element_type=\"container\" data-settings=\"{&quot;jet_parallax_layout_list&quot;:[]}\">\n\t\t\t\t<div class=\"elementor-element elementor-element-9a4de04 elementor-widget__width-initial elementor-widget elementor-widget-image\" data-id=\"9a4de04\" data-element_type=\"widget\" data-widget_type=\"image.default\">\n\t\t\t\t<div class=\"elementor-widget-container\">\n\t\t\t\t\t\t\t\t\t\t\t\t\t<img decoding=\"async\" width=\"800\" height=\"450\" src=\"https:\/\/abstracts.bmotik.com\/wp-content\/uploads\/2024\/10\/bogota_background_comp.jpg\" class=\"attachment-large size-large wp-image-4307\" alt=\"\" srcset=\"https:\/\/abstracts.bmotik.com\/wp-content\/uploads\/2024\/10\/bogota_background_comp.jpg 960w, https:\/\/abstracts.bmotik.com\/wp-content\/uploads\/2024\/10\/bogota_background_comp-300x169.jpg 300w, https:\/\/abstracts.bmotik.com\/wp-content\/uploads\/2024\/10\/bogota_background_comp-768x432.jpg 768w\" sizes=\"(max-width: 800px) 100vw, 800px\" \/>\t\t\t\t\t\t\t\t\t\t\t\t\t<\/div>\n\t\t\t\t<\/div>\n\t\t\t\t<\/div>\n\t\t\t\t<\/div>\n\t\t\t\t<div class=\"elementor-element elementor-element-65e2d30 elementor-widget elementor-widget-menu-anchor\" data-id=\"65e2d30\" data-element_type=\"widget\" data-widget_type=\"menu-anchor.default\">\n\t\t\t\t<div class=\"elementor-widget-container\">\n\t\t\t\t\t<div class=\"elementor-menu-anchor\" id=\"iniciar\"><\/div>\n\t\t\t\t<\/div>\n\t\t\t\t<\/div>\n\t\t\t\t<\/div>\n\t\t<div class=\"elementor-element elementor-element-84dd3ac e-con-full e-flex e-con e-child\" data-id=\"84dd3ac\" data-element_type=\"container\" data-settings=\"{&quot;jet_parallax_layout_list&quot;:[],&quot;background_background&quot;:&quot;classic&quot;}\">\n\t\t<div class=\"elementor-element elementor-element-5cf7173 jedv-enabled--yes e-flex e-con-boxed e-con e-child\" data-id=\"5cf7173\" data-element_type=\"container\" data-settings=\"{&quot;jet_parallax_layout_list&quot;:[]}\">\n\t\t\t\t\t<div class=\"e-con-inner\">\n\t\t<div class=\"elementor-element elementor-element-49208d2 jedv-enabled--yes e-flex e-con-boxed e-con e-child\" data-id=\"49208d2\" data-element_type=\"container\" data-settings=\"{&quot;jet_parallax_layout_list&quot;:[]}\">\n\t\t\t\t\t<div class=\"e-con-inner\">\n\t\t\t\t<div class=\"elementor-element elementor-element-36f79f2 elementor-widget__width-inherit elementor-widget elementor-widget-heading\" data-id=\"36f79f2\" data-element_type=\"widget\" data-widget_type=\"heading.default\">\n\t\t\t\t<div class=\"elementor-widget-container\">\n\t\t\t<h2 class=\"elementor-heading-title elementor-size-default\">Quiero solicitar<\/h2>\t\t<\/div>\n\t\t\t\t<\/div>\n\t\t\t\t<div class=\"elementor-element elementor-element-a3462b6 elementor-widget__width-initial elementor-widget-mobile__width-inherit elementor-widget elementor-widget-heading\" data-id=\"a3462b6\" data-element_type=\"widget\" data-widget_type=\"heading.default\">\n\t\t\t\t<div class=\"elementor-widget-container\">\n\t\t\t<p class=\"elementor-heading-title elementor-size-default\">Para iniciar el proceso de solicitud de art\u00edculos cient\u00edficos, introduzca su direcci\u00f3n de correo electr\u00f3nico y haga clic en el bot\u00f3n \"Iniciar sesi\u00f3n\".<\/p>\t\t<\/div>\n\t\t\t\t<\/div>\n\t\t\t\t<div class=\"elementor-element elementor-element-6fb3bb0 elementor-widget__width-initial elementor-widget-mobile__width-inherit elementor-widget elementor-widget-jet-form-builder-form\" data-id=\"6fb3bb0\" data-element_type=\"widget\" data-widget_type=\"jet-form-builder-form.default\">\n\t\t\t\t<div class=\"elementor-widget-container\">\n\t\t\t<link rel='stylesheet' id='wp-block-library-css' href='https:\/\/abstracts.bmotik.com\/wp-includes\/css\/dist\/block-library\/style.min.css?ver=6.7.5' media='all' \/>\n<style id=\"jet-form-builder-1103-inline-css\"><\/style><form  class=\"jet-form-builder layout-column submit-type-reload\" action=\"https:\/\/abstracts.bmotik.com\/es\/wp-json\/wp\/v2\/pages\/2\/?jet_form_builder_submit=submit&amp;method=reload\" method=\"POST\" data-form-id=\"1103\" data-layout=\"column\" enctype=\"multipart\/form-data\" novalidate=\"null\" data-trp-original-action=\"https:\/\/abstracts.bmotik.com\/es\/wp-json\/wp\/v2\/pages\/2\/?jet_form_builder_submit=submit&amp;method=reload\">\r\n<input type=\"hidden\" name=\"_jfb_current_render_states[]\" value=\"DEFAULT.STATE\" data-jfb-sync \/><input type=\"hidden\" class=\"jet-form-builder__field hidden-field\" name=\"_jet_engine_booking_form_id\" data-field-name=\"_jet_engine_booking_form_id\" value=\"1103\">\n<input type=\"hidden\" class=\"jet-form-builder__field hidden-field\" name=\"_jet_engine_refer\" data-field-name=\"_jet_engine_refer\" value=\"https:\/\/abstracts.bmotik.com\/es\/wp-json\/wp\/v2\/pages\/2\/\">\n<input type=\"hidden\" class=\"jet-form-builder__field hidden-field\" name=\"__queried_post_id\" data-field-name=\"__queried_post_id\" value=\"2\">\n\n<input type=\"hidden\" class=\"jet-form-builder__field hidden-field\" name=\"tipo_ingreso\" data-field-name=\"tipo_ingreso\" data-jfb-sync=\"null\" value=\"correo\">\n\n\n\n<div class=\"jet-form-builder__conditional\" data-jfb-conditional=\"[{&quot;operator&quot;:&quot;equal&quot;,&quot;value&quot;:&quot;id&quot;,&quot;field&quot;:&quot;tipo_ingreso&quot;,&quot;use_preset&quot;:false}]\" data-jfb-func=\"{&quot;show&quot;:{&quot;dom&quot;:true}}\">\n<div  data-validation-type=\"advanced\" data-validation-rules=\"[{&quot;__visible&quot;:true,&quot;type&quot;:&quot;regexp&quot;,&quot;message&quot;:&quot;Solo se aceptan letras y n\u00fameros.&quot;,&quot;value&quot;:&quot;^[a-zA-Z0-9]*$&quot;}]\" class=\"jet-form-builder-row field-type-text-field\" >\n<div class=\"jet-form-builder__label\">\r\n<div class=\"jet-form-builder__label-text\">N\u00famero de identificaci\u00f3n <span class=\"jet-form-builder__required\">*<\/span><\/div><\/div><div class=\"jet-form-builder__field-wrap\">\n\t\t\t\t<input required=\"required\" name=\"cedula\" id=\"cedula\" type=\"text\" data-field-name=\"cedula\" class=\"jet-form-builder__field text-field userID\" data-jfb-sync=\"null\">\n\t\t\t\t\t<\/div>\n<\/div>\n<\/div>\n\n<div class=\"jet-form-builder__conditional\" data-jfb-conditional=\"[{&quot;operator&quot;:&quot;equal&quot;,&quot;value&quot;:&quot;correo&quot;,&quot;field&quot;:&quot;tipo_ingreso&quot;,&quot;use_preset&quot;:false}]\" data-jfb-func=\"show\">\n<div  class=\"jet-form-builder-row field-type-text-field\" >\n<div class=\"jet-form-builder__label\">\r\n<div class=\"jet-form-builder__label-text\">Correo electr\u00f3nico <span class=\"jet-form-builder__required\">*<\/span><\/div><\/div><div class=\"jet-form-builder__field-wrap\">\n\t\t\t\t<input required=\"required\" name=\"user_email\" id=\"user_email\" type=\"email\" data-field-name=\"user_email\" class=\"jet-form-builder__field text-field userID\" data-jfb-sync=\"null\">\n\t\t\t\t\t<\/div>\n<\/div>\n<\/div>\n\n<div  class=\"jet-form-builder-row field-type-submit-field\" >\n\t<div data-type=\"submit\" class=\"jet-form-builder__action-button-wrapper jet-form-builder__submit-wrap\">\n\t<button class=\"jet-form-builder__action-button jet-form-builder__submit submit-type-reload\" type=\"submit\">Conectarse<\/button>\n\t<\/div>\n\t\n<\/div>\t<div class=\"jet-form-builder-messages-wrap\" data-form-id=\"1103\"><\/div>\n<input type=\"hidden\" name=\"trp-form-language\" value=\"es\"\/><\/form>\n\t\t<\/div>\n\t\t\t\t<\/div>\n\t\t\t\t\t<\/div>\n\t\t\t\t<\/div>\n\t\t\t\t\t<\/div>\n\t\t\t\t<\/div>\n\t\t\t\t<\/div>\n\t\t\t\t<\/div>","protected":false},"excerpt":{"rendered":"<p>PAAO 2025 PLATAFORMA DE PRESENTACI\u00d3N DE RES\u00daMENES PAAO El Congreso PAAO est\u00e1 dedicado a presentar proyectos innovadores y relevantes en oftalmolog\u00eda y sus diversas ramas. Le invitamos cordialmente a participar enviando su ponencia libre, p\u00f3ster y\/o resumen de v\u00eddeo. 1. El Comit\u00e9 Organizador del Congreso Panamericano de Oftalmolog\u00eda supervisar\u00e1 el proceso de presentaci\u00f3n de [...]<\/p>","protected":false},"author":1,"featured_media":0,"parent":0,"menu_order":0,"comment_status":"closed","ping_status":"closed","template":"elementor_header_footer","meta":{"footnotes":""},"class_list":["post-2","page","type-page","status-publish","hentry"],"_links":{"self":[{"href":"https:\/\/abstracts.bmotik.com\/es\/wp-json\/wp\/v2\/pages\/2","targetHints":{"allow":["GET"]}}],"collection":[{"href":"https:\/\/abstracts.bmotik.com\/es\/wp-json\/wp\/v2\/pages"}],"about":[{"href":"https:\/\/abstracts.bmotik.com\/es\/wp-json\/wp\/v2\/types\/page"}],"author":[{"embeddable":true,"href":"https:\/\/abstracts.bmotik.com\/es\/wp-json\/wp\/v2\/users\/1"}],"replies":[{"embeddable":true,"href":"https:\/\/abstracts.bmotik.com\/es\/wp-json\/wp\/v2\/comments?post=2"}],"version-history":[{"count":418,"href":"https:\/\/abstracts.bmotik.com\/es\/wp-json\/wp\/v2\/pages\/2\/revisions"}],"predecessor-version":[{"id":5303,"href":"https:\/\/abstracts.bmotik.com\/es\/wp-json\/wp\/v2\/pages\/2\/revisions\/5303"}],"wp:attachment":[{"href":"https:\/\/abstracts.bmotik.com\/es\/wp-json\/wp\/v2\/media?parent=2"}],"curies":[{"name":"wp","href":"https:\/\/api.w.org\/{rel}","templated":true}]}}